{"id":3,"date":"2022-05-30T10:54:30","date_gmt":"2022-05-30T08:54:30","guid":{"rendered":"http:\/\/192.168.0.36\/kasia\/?page_id=3"},"modified":"2022-07-12T10:06:06","modified_gmt":"2022-07-12T08:06:06","slug":"polityka-prywatnosci","status":"publish","type":"page","link":"http:\/\/sladowska.pl\/index.php\/polityka-prywatnosci\/","title":{"rendered":"Polityka prywatno\u015bci"},"content":{"rendered":"\n<h3 class=\"wp-block-heading\">Polityka prywatno\u015bci<\/h3>\n\n\n\n<p>Strona  nie&nbsp;przetwarza, nie&nbsp;udost\u0119pnia ani nie&nbsp;wykorzystuje w&nbsp;celach marketingowych danych przekazywanych przez&nbsp;U\u017cytkownik\u00f3w portalu. Mo\u017cecie by\u0107 pewni \u017ce&nbsp;w&nbsp;przysz\u0142o\u015bci tak\u017ce nie&nbsp;b\u0119dziemy przetwarza\u0107, udost\u0119pnia\u0107 ani wykorzystywa\u0107 waszych danych w&nbsp;jakichkolwiek innych celach, ni\u017c zwyk\u0142e zbieranie statystyk.<\/p>\n\n\n\n<p>Portal  nie&nbsp;ponosi odpowiedzialno\u015bci za&nbsp;tre\u015bci i&nbsp;opinie wyra\u017cane przez&nbsp;u\u017cytkownik\u00f3w w&nbsp;komentarzach lub opisach. S\u0105 one wy\u0142\u0105cznie w\u0142asno\u015bci\u0105 u\u017cytkownik\u00f3w, od&nbsp;kt\u00f3rych&nbsp;pochodz\u0105.<\/p>\n\n\n\n<h4 class=\"wp-block-heading\">Adresy E-mail<\/h4>\n\n\n\n<p>Adresy E-mail podawane przez&nbsp;U\u017cytkownik\u00f3w przy dodawaniu komentarzy, oraz&nbsp;rejestracji na&nbsp;forum lub portalu, b\u0119dzie u\u017cywany jedynie w&nbsp;celu przypomnienia has\u0142a U\u017cytkownika, oraz&nbsp;wys\u0142ania Newsletter\u2019a \u2013 je\u015bli U\u017cytkownik wyrazi\u0142 tak\u0105 ch\u0119\u0107. Adresy E-mail U\u017cytkownik\u00f3w nie&nbsp;s\u0105 i&nbsp;nie&nbsp;b\u0119d\u0105 nigdzie publikowane, przetwarzane, sprzedawane, udost\u0119pniane za&nbsp;op\u0142at\u0105 \u2013 w&nbsp;zwi\u0105zku z&nbsp;czym nie&nbsp;musicie si\u0119 obawia\u0107 dodawania do&nbsp;\u017cadnych list mailingowych, otrzymywania sponsorowanych maili reklamowych, i&nbsp;wszelkiego innego niechcianego spamu.<\/p>\n\n\n\n<h4 class=\"wp-block-heading\">Gromadzenie danych nie-osobowych<\/h4>\n\n\n\n<p>Podczas u\u017cytkowania portalu , zbierane s\u0105 dane nie-osobowe kt\u00f3re przegl\u0105darki udost\u0119pniaj\u0105, czyli:<\/p>\n\n\n\n<ul class=\"wp-block-list\"><li>nazwa i&nbsp;wersja przegl\u0105darki internetowej<\/li><li>ustawienia j\u0119zyka<\/li><li>strona odsy\u0142aj\u0105ca<\/li><li>data i&nbsp;godzina wys\u0142ania \u017c\u0105dania do&nbsp;serwera<\/li><li>IP z&nbsp;kt\u00f3rego&nbsp;zosta\u0142o wys\u0142ane \u017c\u0105danie<\/li><\/ul>\n\n\n\n<p>Adresy IP zbierane przez&nbsp;portal nie&nbsp;maj\u0105 na&nbsp;celu identyfikacji naszych u\u017cytkownik\u00f3w, ani nie&nbsp;s\u0105 nigdzie ujawniane. Jednak\u017ce przy dodawania komentarzy niezgodnych z&nbsp;netykiet\u0105, \u015bmiecenia w&nbsp;komentarzach b\u0105d\u017a na&nbsp;forum, przewidujemy mo\u017cliwo\u015b\u0107 zablokowania u\u017cytkowania portalu z&nbsp;danego adresu IP, lub w&nbsp;wypadku bardzo nachalnych graczy, nawet z&nbsp;ca\u0142ej puli IP.<\/p>\n\n\n\n<h4 class=\"wp-block-heading\">Gromadzenie danych osobowych<\/h4>\n\n\n\n<p>Podczas rejestracji na&nbsp;portalu  lub na&nbsp;jego forum, wymagamy podania przynajmniej adresu E-mail. Podawanie pozosta\u0142ych danych w&nbsp;profilach, takich jak imi\u0119, nazwisko, adres strony internetowej, miejscowo\u015b\u0107, zaw\u00f3d, zainteresowania, AIM, Jabber, Google Talk \u2013 nie&nbsp;jest obowi\u0105zkowe, i&nbsp;tylko&nbsp;od&nbsp;U\u017cytkownika zale\u017cy czy&nbsp;chce je poda\u0107 i&nbsp;udost\u0119pni\u0107 innym.<\/p>\n\n\n\n<h4 class=\"wp-block-heading\">Pliki Cookies<\/h4>\n\n\n\n<p>Na&nbsp;portalu  u\u017cywane s\u0105 pliki cookies, tzw. ciasteczka \u2013 s\u0105 to&nbsp;ma\u0142e pliki tekstowe u\u017cywane do&nbsp;zapisywania pewnych informacji na&nbsp;komputerze U\u017cytkownika. Nie&nbsp;s\u0105 one niebezpieczne dla U\u017cytkownika ani jego komputera, nie&nbsp;s\u0105 w&nbsp;nich przechowywane \u017cadne dane osobowe, ich g\u0142\u00f3wnym zadaniem jest przetrzymywanie informacji, do&nbsp;kt\u00f3rych&nbsp;potem strona mo\u017ce si\u0119 odnie\u015b\u0107. Na&nbsp;naszym portalu ciasteczka maj\u0105 nast\u0119puj\u0105ce funkcje:<\/p>\n\n\n\n<ul class=\"wp-block-list\"><li>przechowywania informacji\/preferencji U\u017cytkownika dodaj\u0105cego komentarz \u2013 w&nbsp;momencie dodania komentarza na&nbsp;komputerze U\u017cytkownika jest zapisywany plik cookie, kt\u00f3ry&nbsp;przez&nbsp;niespe\u0142na rok przechowuje dane z&nbsp;nickiem, adresem email i&nbsp;stron\u0105 internetow\u0105 U\u017cytkownika \u2013 dzi\u0119ki czemu nie&nbsp;trzeba tych danych wpisywa\u0107 za&nbsp;ka\u017cdym razem gdy&nbsp;chce si\u0119 doda\u0107 nast\u0119pny komentarz.<\/li><li>przechowywania informacji o&nbsp;U\u017cytkownikach zarejestrowanych\/zalogowanych na&nbsp;portalu lub forum \u2013 przegl\u0105darka mo\u017ce zapisa\u0107 plik cookie zawieraj\u0105cy login U\u017cytkownika, podw\u00f3jnie shashowane has\u0142o, oraz&nbsp;klucz autoryzacji, dzi\u0119ki czemu przy nast\u0119pnej wizycie, u\u017cytkownika nie&nbsp;b\u0119dzie musia\u0142 ponownie wpisywa\u0107 loginu oraz&nbsp;has\u0142a, albo&nbsp;nawet je\u015bli sesja jeszcze nie&nbsp;wygas\u0142a, to&nbsp;nie&nbsp;b\u0119dzie musia\u0142 si\u0119 ponownie logowa\u0107 \u2013 tylko&nbsp;od&nbsp;razu b\u0119dzie zalogowany na&nbsp;portalu lub forum.<\/li><\/ul>\n\n\n\n<p>Pliki cookies w&nbsp;nie&nbsp;umo\u017cliwiaj\u0105 identyfikacji U\u017cytkownik\u00f3w odwiedzaj\u0105cej witryn\u0119, i&nbsp;nie&nbsp;s\u0105 w&nbsp;nich zapisywane \u017cadne informacje, kt\u00f3re mog\u0142y by&nbsp;tak\u0105 identyfikacj\u0119 umo\u017cliwi\u0107. Zgodnie z&nbsp;art. 173 Ustawy z&nbsp;dnia 16 lipca 2004 roku Prawo telekomunikacyjne (Dz.&nbsp;U. Nr&nbsp;171, poz. 1800) zapisywanie plik\u00f3w tekstowych na&nbsp;dysku komputera U\u017cytkownika witryny jest dozwolone o&nbsp;ile U\u017cytkownik zostanie o&nbsp;tym poinformowany. Warunkiem dzia\u0142ania plik\u00f3w cookies jest ich akceptacja przez&nbsp;przegl\u0105dark\u0119 oraz&nbsp;nieusuwanie ich z&nbsp;dysku komputera. Je\u017celi U\u017cytkownik nie&nbsp;chce udost\u0119pni\u0107 plik\u00f3w cookies, powinien tak\u0105 opcj\u0119 wy\u0142\u0105czy\u0107 w&nbsp;przegl\u0105darce nim odwiedzi nasz portal. Nieudost\u0119pnienie plik\u00f3w cookies przez&nbsp;przegl\u0105dark\u0119, albo&nbsp;ich skasowanie, mo\u017cne powodowa\u0107 znaczne utrudnienia lub mo\u017ce nawet ca\u0142kowicie uniemo\u017cliwia\u0107 korzystanie z&nbsp;naszego portalu oraz&nbsp;forum \u2013 za&nbsp;co nie&nbsp;ponosimy odpowiedzialno\u015bci. Dlatego zalecamy mie\u0107 w\u0142\u0105czon\u0105 obs\u0142ug\u0119 plik\u00f3w cookies.<\/p>\n\n\n\n<h3 class=\"wp-block-heading\">Prawa autorskie<\/h3>\n\n\n\n<p>Portal  zawiera artyku\u0142y i&nbsp;poradniki napisane przez&nbsp;u\u017cytkownik\u00f3w wchodz\u0105cych w&nbsp;sk\u0142ad Redakcji. Wszystkie tre\u015bci zawarte na&nbsp;stronach portalu s\u0105 przedmiotem praw autorskich przys\u0142uguj\u0105cych ich tw\u00f3rcy i&nbsp;podlegaj\u0105 ochronie zgodnie z&nbsp;prawem autorskim. Zabrania si\u0119 kopiowania i&nbsp;udost\u0119pniania materia\u0142\u00f3w z&nbsp;portalu bez&nbsp;zgody od&nbsp;ich autora i&nbsp;zgody od&nbsp;administratora portalu.<\/p>\n\n\n\n<p>Wszelkie materia\u0142y zawarte w&nbsp;serwisie portalu  s\u0105 bezp\u0142atne. U\u017cytkownicy oraz&nbsp;Redakcja portalu nie&nbsp;odpowiadaj\u0105 za&nbsp;jakiekolwiek szkody wynik\u0142e z&nbsp;ich korzystania. Portal  zastrzega sobie mo\u017cliwo\u015b\u0107 edycji i&nbsp;usuwania wpis\u00f3w lub komentarzy oraz&nbsp;blokowania u\u017cytkownik\u00f3w, kt\u00f3rzy&nbsp;naruszaj\u0105 regulamin Portalu, oraz&nbsp;zasady netykiety i&nbsp;powszechnie przyj\u0119te normy kulturalnego zachowania.<\/p>\n","protected":false},"excerpt":{"rendered":"<p>Polityka prywatno\u015bci Strona nie&nbsp;przetwarza, nie&nbsp;udost\u0119pnia ani nie&nbsp;wykorzystuje w&nbsp;celach marketingowych danych przekazywanych przez&nbsp;U\u017cytkownik\u00f3w portalu. Mo\u017cecie by\u0107 pewni \u017ce&nbsp;w&nbsp;przysz\u0142o\u015bci tak\u017ce nie&nbsp;b\u0119dziemy przetwarza\u0107, udost\u0119pnia\u0107 ani wykorzystywa\u0107 waszych danych w&nbsp;jakichkolwiek innych celach, ni\u017c zwyk\u0142e zbieranie statystyk. Portal nie&nbsp;ponosi odpowiedzialno\u015bci za&nbsp;tre\u015bci i&nbsp;opinie wyra\u017cane przez&nbsp;u\u017cytkownik\u00f3w w&nbsp;komentarzach lub opisach. S\u0105 one wy\u0142\u0105cznie w\u0142asno\u015bci\u0105 u\u017cytkownik\u00f3w, od&nbsp;kt\u00f3rych&nbsp;pochodz\u0105. Adresy E-mail Adresy E-mail podawane przez&nbsp;U\u017cytkownik\u00f3w przy dodawaniu komentarzy, oraz&nbsp;rejestracji na&nbsp;forum lub portalu, b\u0119dzie u\u017cywany jedynie w&nbsp;celu przypomnienia has\u0142a U\u017cytkownika, oraz&nbsp;wys\u0142ania Newsletter\u2019a \u2013 je\u015bli U\u017cytkownik wyrazi\u0142 tak\u0105 ch\u0119\u0107. Adresy E-mail U\u017cytkownik\u00f3w nie&nbsp;s\u0105 i&nbsp;nie&nbsp;b\u0119d\u0105 nigdzie publikowane, przetwarzane, sprzedawane, udost\u0119pniane za&nbsp;op\u0142at\u0105 \u2013 w&nbsp;zwi\u0105zku z&nbsp;czym nie&nbsp;musicie si\u0119 obawia\u0107 dodawania do&nbsp;\u017cadnych list mailingowych, otrzymywania sponsorowanych maili\u2026<\/p>\n","protected":false},"author":1,"featured_media":0,"parent":0,"menu_order":0,"comment_status":"closed","ping_status":"open","template":"","meta":{"footnotes":""},"class_list":["post-3","page","type-page","status-publish","hentry"],"blocksy_meta":{"styles_descriptor":{"styles":{"desktop":"","tablet":"","mobile":""},"google_fonts":[],"version":5}},"yoast_head":"<!-- This site is optimized with the Yoast SEO plugin v27.3 - https:\/\/yoast.com\/product\/yoast-seo-wordpress\/ -->\n<title>Polityka prywatno\u015bci - Mikrobiologia Farmaceutyczna<\/title>\n<meta name=\"description\" content=\"Mikrobiologia Farmaceutyczna Polityka prywatno\u015bci\" \/>\n<meta name=\"robots\" content=\"index, follow, max-snippet:-1, max-image-preview:large, max-video-preview:-1\" \/>\n<link rel=\"canonical\" href=\"http:\/\/sladowska.pl\/index.php\/polityka-prywatnosci\/\" \/>\n<meta property=\"og:locale\" content=\"pl_PL\" \/>\n<meta property=\"og:type\" content=\"article\" \/>\n<meta property=\"og:title\" content=\"Polityka prywatno\u015bci - Mikrobiologia Farmaceutyczna\" \/>\n<meta property=\"og:description\" content=\"Mikrobiologia Farmaceutyczna Polityka prywatno\u015bci\" \/>\n<meta property=\"og:url\" content=\"http:\/\/sladowska.pl\/index.php\/polityka-prywatnosci\/\" \/>\n<meta property=\"og:site_name\" content=\"Mikrobiologia Farmaceutyczna\" \/>\n<meta property=\"article:modified_time\" content=\"2022-07-12T08:06:06+00:00\" \/>\n<meta name=\"twitter:card\" content=\"summary_large_image\" \/>\n<meta name=\"twitter:label1\" content=\"Szacowany czas czytania\" \/>\n\t<meta name=\"twitter:data1\" content=\"4 minuty\" \/>\n<script type=\"application\/ld+json\" class=\"yoast-schema-graph\">{\"@context\":\"https:\\\/\\\/schema.org\",\"@graph\":[{\"@type\":\"WebPage\",\"@id\":\"http:\\\/\\\/sladowska.pl\\\/index.php\\\/polityka-prywatnosci\\\/\",\"url\":\"http:\\\/\\\/sladowska.pl\\\/index.php\\\/polityka-prywatnosci\\\/\",\"name\":\"Polityka prywatno\u015bci - Mikrobiologia Farmaceutyczna\",\"isPartOf\":{\"@id\":\"http:\\\/\\\/sladowska.pl\\\/#website\"},\"datePublished\":\"2022-05-30T08:54:30+00:00\",\"dateModified\":\"2022-07-12T08:06:06+00:00\",\"description\":\"Mikrobiologia Farmaceutyczna Polityka prywatno\u015bci\",\"breadcrumb\":{\"@id\":\"http:\\\/\\\/sladowska.pl\\\/index.php\\\/polityka-prywatnosci\\\/#breadcrumb\"},\"inLanguage\":\"pl-PL\",\"potentialAction\":[{\"@type\":\"ReadAction\",\"target\":[\"http:\\\/\\\/sladowska.pl\\\/index.php\\\/polityka-prywatnosci\\\/\"]}]},{\"@type\":\"BreadcrumbList\",\"@id\":\"http:\\\/\\\/sladowska.pl\\\/index.php\\\/polityka-prywatnosci\\\/#breadcrumb\",\"itemListElement\":[{\"@type\":\"ListItem\",\"position\":1,\"name\":\"Strona g\u0142\u00f3wna\",\"item\":\"http:\\\/\\\/sladowska.pl\\\/\"},{\"@type\":\"ListItem\",\"position\":2,\"name\":\"Polityka prywatno\u015bci\"}]},{\"@type\":\"WebSite\",\"@id\":\"http:\\\/\\\/sladowska.pl\\\/#website\",\"url\":\"http:\\\/\\\/sladowska.pl\\\/\",\"name\":\"Mikrobiologia Farmaceutyczna\",\"description\":\"szkolenia, wyk\u0142ady, mikrobiologia farmaceutyczna\",\"publisher\":{\"@id\":\"http:\\\/\\\/sladowska.pl\\\/#organization\"},\"potentialAction\":[{\"@type\":\"SearchAction\",\"target\":{\"@type\":\"EntryPoint\",\"urlTemplate\":\"http:\\\/\\\/sladowska.pl\\\/?s={search_term_string}\"},\"query-input\":{\"@type\":\"PropertyValueSpecification\",\"valueRequired\":true,\"valueName\":\"search_term_string\"}}],\"inLanguage\":\"pl-PL\"},{\"@type\":\"Organization\",\"@id\":\"http:\\\/\\\/sladowska.pl\\\/#organization\",\"name\":\"Akademia Mikrobiologii Farmaceutycznej\",\"url\":\"http:\\\/\\\/sladowska.pl\\\/\",\"logo\":{\"@type\":\"ImageObject\",\"inLanguage\":\"pl-PL\",\"@id\":\"http:\\\/\\\/sladowska.pl\\\/#\\\/schema\\\/logo\\\/image\\\/\",\"url\":\"http:\\\/\\\/sladowska.pl\\\/wp-content\\\/uploads\\\/2022\\\/05\\\/cropped-logo.png\",\"contentUrl\":\"http:\\\/\\\/sladowska.pl\\\/wp-content\\\/uploads\\\/2022\\\/05\\\/cropped-logo.png\",\"width\":512,\"height\":512,\"caption\":\"Akademia Mikrobiologii Farmaceutycznej\"},\"image\":{\"@id\":\"http:\\\/\\\/sladowska.pl\\\/#\\\/schema\\\/logo\\\/image\\\/\"}}]}<\/script>\n<!-- \/ Yoast SEO plugin. -->","yoast_head_json":{"title":"Polityka prywatno\u015bci - Mikrobiologia Farmaceutyczna","description":"Mikrobiologia Farmaceutyczna Polityka prywatno\u015bci","robots":{"index":"index","follow":"follow","max-snippet":"max-snippet:-1","max-image-preview":"max-image-preview:large","max-video-preview":"max-video-preview:-1"},"canonical":"http:\/\/sladowska.pl\/index.php\/polityka-prywatnosci\/","og_locale":"pl_PL","og_type":"article","og_title":"Polityka prywatno\u015bci - Mikrobiologia Farmaceutyczna","og_description":"Mikrobiologia Farmaceutyczna Polityka prywatno\u015bci","og_url":"http:\/\/sladowska.pl\/index.php\/polityka-prywatnosci\/","og_site_name":"Mikrobiologia Farmaceutyczna","article_modified_time":"2022-07-12T08:06:06+00:00","twitter_card":"summary_large_image","twitter_misc":{"Szacowany czas czytania":"4 minuty"},"schema":{"@context":"https:\/\/schema.org","@graph":[{"@type":"WebPage","@id":"http:\/\/sladowska.pl\/index.php\/polityka-prywatnosci\/","url":"http:\/\/sladowska.pl\/index.php\/polityka-prywatnosci\/","name":"Polityka prywatno\u015bci - Mikrobiologia Farmaceutyczna","isPartOf":{"@id":"http:\/\/sladowska.pl\/#website"},"datePublished":"2022-05-30T08:54:30+00:00","dateModified":"2022-07-12T08:06:06+00:00","description":"Mikrobiologia Farmaceutyczna Polityka prywatno\u015bci","breadcrumb":{"@id":"http:\/\/sladowska.pl\/index.php\/polityka-prywatnosci\/#breadcrumb"},"inLanguage":"pl-PL","potentialAction":[{"@type":"ReadAction","target":["http:\/\/sladowska.pl\/index.php\/polityka-prywatnosci\/"]}]},{"@type":"BreadcrumbList","@id":"http:\/\/sladowska.pl\/index.php\/polityka-prywatnosci\/#breadcrumb","itemListElement":[{"@type":"ListItem","position":1,"name":"Strona g\u0142\u00f3wna","item":"http:\/\/sladowska.pl\/"},{"@type":"ListItem","position":2,"name":"Polityka prywatno\u015bci"}]},{"@type":"WebSite","@id":"http:\/\/sladowska.pl\/#website","url":"http:\/\/sladowska.pl\/","name":"Mikrobiologia Farmaceutyczna","description":"szkolenia, wyk\u0142ady, mikrobiologia farmaceutyczna","publisher":{"@id":"http:\/\/sladowska.pl\/#organization"},"potentialAction":[{"@type":"SearchAction","target":{"@type":"EntryPoint","urlTemplate":"http:\/\/sladowska.pl\/?s={search_term_string}"},"query-input":{"@type":"PropertyValueSpecification","valueRequired":true,"valueName":"search_term_string"}}],"inLanguage":"pl-PL"},{"@type":"Organization","@id":"http:\/\/sladowska.pl\/#organization","name":"Akademia Mikrobiologii Farmaceutycznej","url":"http:\/\/sladowska.pl\/","logo":{"@type":"ImageObject","inLanguage":"pl-PL","@id":"http:\/\/sladowska.pl\/#\/schema\/logo\/image\/","url":"http:\/\/sladowska.pl\/wp-content\/uploads\/2022\/05\/cropped-logo.png","contentUrl":"http:\/\/sladowska.pl\/wp-content\/uploads\/2022\/05\/cropped-logo.png","width":512,"height":512,"caption":"Akademia Mikrobiologii Farmaceutycznej"},"image":{"@id":"http:\/\/sladowska.pl\/#\/schema\/logo\/image\/"}}]}},"_links":{"self":[{"href":"http:\/\/sladowska.pl\/index.php\/wp-json\/wp\/v2\/pages\/3","targetHints":{"allow":["GET"]}}],"collection":[{"href":"http:\/\/sladowska.pl\/index.php\/wp-json\/wp\/v2\/pages"}],"about":[{"href":"http:\/\/sladowska.pl\/index.php\/wp-json\/wp\/v2\/types\/page"}],"author":[{"embeddable":true,"href":"http:\/\/sladowska.pl\/index.php\/wp-json\/wp\/v2\/users\/1"}],"replies":[{"embeddable":true,"href":"http:\/\/sladowska.pl\/index.php\/wp-json\/wp\/v2\/comments?post=3"}],"version-history":[{"count":2,"href":"http:\/\/sladowska.pl\/index.php\/wp-json\/wp\/v2\/pages\/3\/revisions"}],"predecessor-version":[{"id":488,"href":"http:\/\/sladowska.pl\/index.php\/wp-json\/wp\/v2\/pages\/3\/revisions\/488"}],"wp:attachment":[{"href":"http:\/\/sladowska.pl\/index.php\/wp-json\/wp\/v2\/media?parent=3"}],"curies":[{"name":"wp","href":"https:\/\/api.w.org\/{rel}","templated":true}]}}