{"id":2,"date":"2022-05-30T10:54:30","date_gmt":"2022-05-30T08:54:30","guid":{"rendered":"http:\/\/192.168.0.36\/kasia\/?page_id=2"},"modified":"2022-07-29T12:01:00","modified_gmt":"2022-07-29T10:01:00","slug":"oferta","status":"publish","type":"page","link":"http:\/\/sladowska.pl\/index.php\/oferta\/","title":{"rendered":"Oferta"},"content":{"rendered":"\n<div class=\"wp-block-media-text alignwide is-stacked-on-mobile is-image-fill\"><figure class=\"wp-block-media-text__media\" style=\"background-image:url(http:\/\/sladowska.pl\/wp-content\/uploads\/2022\/06\/smartworks-coworking-Uz8THWPXwhI-unsplash-1024x683.jpg);background-position:50% 50%\"><a href=\"http:\/\/sladowska.pl\/wp-content\/uploads\/2022\/06\/smartworks-coworking-Uz8THWPXwhI-unsplash-scaled.jpg\"><img loading=\"lazy\" decoding=\"async\" width=\"1024\" height=\"683\" src=\"http:\/\/sladowska.pl\/wp-content\/uploads\/2022\/06\/smartworks-coworking-Uz8THWPXwhI-unsplash-1024x683.jpg\" alt=\"\" class=\"wp-image-364 size-full\" srcset=\"http:\/\/sladowska.pl\/wp-content\/uploads\/2022\/06\/smartworks-coworking-Uz8THWPXwhI-unsplash-1024x683.jpg 1024w, http:\/\/sladowska.pl\/wp-content\/uploads\/2022\/06\/smartworks-coworking-Uz8THWPXwhI-unsplash-300x200.jpg 300w, http:\/\/sladowska.pl\/wp-content\/uploads\/2022\/06\/smartworks-coworking-Uz8THWPXwhI-unsplash-768x512.jpg 768w, http:\/\/sladowska.pl\/wp-content\/uploads\/2022\/06\/smartworks-coworking-Uz8THWPXwhI-unsplash-1536x1024.jpg 1536w\" sizes=\"auto, (max-width: 1024px) 100vw, 1024px\" \/><\/a><\/figure><div class=\"wp-block-media-text__content\">\n<p class=\"has-medium-font-size\"><strong>AKADEMIA MIKROBIOLOGII FARMACEUTYCZNEJ<\/strong><\/p>\n<\/div><\/div>\n\n\n\n<p>W ramach stworzonej przez nas Akademii Mikrobiologii Farmaceutycznej oferujemy cykl szkole\u0144  pozwalaj\u0105cych na zaznajomienie pracownik\u00f3w przemys\u0142u farmaceutycznego (ale tak\u017ce kosmetycznego, suplement\u00f3w diety czy wyrob\u00f3w medycznych) z zagadnieniami mikrobiologicznymi. Poszczeg\u00f3lne szkolenia przeznaczone s\u0105 dla mikrobiolog\u00f3w, ale tak\u017ce dla pracownik\u00f3w Dzia\u0142u Produkcji, Kontroli i Zapewnienia Jako\u015bci. Mog\u0105 by\u0107 bardzo pomocne dla Os\u00f3b Wykwalifikowanych (QP), kt\u00f3re z wykszta\u0142cenia nie s\u0105 mikrobiologami. <\/p>\n\n\n\n<p>Chcia\u0142yby\u015bmy, aby podczas naszych szkole\u0144 uczestnicy dowiedzieli si\u0119, jak interpretowa\u0107 wyniki mikrobiologiczne, z kt\u00f3rymi spotykaj\u0105 si\u0119 w swojej codziennej pracy i jakie maj\u0105 one konsekwencje dla procesu produkcji. B\u0142\u0119dna interpretacja wynik\u00f3w mikrobiologicznych mo\u017ce niestety prowadzi\u0107 do odrzucenia serii z powodu wynik\u00f3w niezgodnych ze specyfikacj\u0105 lub licznych incydent\u00f3w ska\u017cenia mikrobiologicznego spowodowanych zastosowaniem niew\u0142a\u015bciwych rozwi\u0105za\u0144 problem\u00f3w.<\/p>\n\n\n\n<p><br>Podczas naszych szkole\u0144 obalimy wiele mit\u00f3w zwi\u0105zanych z mikrobiologi\u0105 farmaceutyczn\u0105 i postaramy si\u0119 odpowiedzie\u0107 na wszystkie Pa\u0144stwa pytania.<br>Zastanowimy si\u0119 czy ilo\u015b\u0107 cfu powie nam jak du\u017co mamy drobnoustroj\u00f3w, czy pr\u00f3bkowanie z dowolnego miejsca kolonii jest takie samo, czy drobnoustroje mog\u0105 swobodnie si\u0119 porusza\u0107, czy istniej\u0105 uniwersalne warunki hodowli drobnoustroj\u00f3w, czy wyniki identyfikacji s\u0105 zawsze bezwzgl\u0119dne i jednoznaczne, czy \u015bwiat\u0142o UV mo\u017ce dezynfekowa\u0107 powierzchnie i wod\u0119, czy drobnoustroje w pr\u00f3bce rozmieszczone s\u0105 r\u00f3wnomiernie i jak to mo\u017cliwe, \u017ce mo\u017cemy otrzyma\u0107 r\u00f3\u017cne wyniki mikrobiologiczne z badania tej samej pr\u00f3bki.<\/p>\n\n\n\n<div class=\"wp-block-media-text alignwide is-stacked-on-mobile is-image-fill\"><figure class=\"wp-block-media-text__media\" style=\"background-image:url(http:\/\/sladowska.pl\/wp-content\/uploads\/2022\/06\/pexels-pixabay-357514-1024x683.jpg);background-position:50% 50%\"><img loading=\"lazy\" decoding=\"async\" width=\"1024\" height=\"683\" src=\"http:\/\/sladowska.pl\/wp-content\/uploads\/2022\/06\/pexels-pixabay-357514-1024x683.jpg\" alt=\"\" class=\"wp-image-363 size-full\" srcset=\"http:\/\/sladowska.pl\/wp-content\/uploads\/2022\/06\/pexels-pixabay-357514-1024x683.jpg 1024w, http:\/\/sladowska.pl\/wp-content\/uploads\/2022\/06\/pexels-pixabay-357514-300x200.jpg 300w, http:\/\/sladowska.pl\/wp-content\/uploads\/2022\/06\/pexels-pixabay-357514-768x512.jpg 768w, http:\/\/sladowska.pl\/wp-content\/uploads\/2022\/06\/pexels-pixabay-357514-1536x1024.jpg 1536w, http:\/\/sladowska.pl\/wp-content\/uploads\/2022\/06\/pexels-pixabay-357514-2048x1365.jpg 2048w\" sizes=\"auto, (max-width: 1024px) 100vw, 1024px\" \/><\/figure><div class=\"wp-block-media-text__content\">\n<p class=\"has-medium-font-size\"><strong>DOKUMENTACJA<\/strong><\/p>\n<\/div><\/div>\n\n\n\n<p>Oferta zwi\u0105zana jest z szeroko poj\u0119tym Zarz\u0105dzaniem Jako\u015bci\u0105 Mikrobiologiczn\u0105.<\/p>\n\n\n\n<p>Jeste\u015bmy w stanie pom\u00f3c Pa\u0144stwu  z opracowaniem dokumentacji zwi\u0105zanej z prac\u0105 laboratorium mikrobiologicznego, procedur higienicznych oraz mikrobiologicznego monitoringu \u015brodowiska pracy. Skonsultujemy plany pomieszcze\u0144 laboratoryjnych, pomo\u017cemy opracowa\u0107 drog\u0119 pr\u00f3bki i personelu, doradzimy jak wykona\u0107 przydatno\u015b\u0107 metod farmakopealnych lub kwalifikacj\u0119 metod niefarmakopealnych. <\/p>\n","protected":false},"excerpt":{"rendered":"<p>AKADEMIA MIKROBIOLOGII FARMACEUTYCZNEJ W ramach stworzonej przez nas Akademii Mikrobiologii Farmaceutycznej oferujemy cykl szkole\u0144 pozwalaj\u0105cych na zaznajomienie pracownik\u00f3w przemys\u0142u farmaceutycznego (ale tak\u017ce kosmetycznego, suplement\u00f3w diety czy wyrob\u00f3w medycznych) z zagadnieniami mikrobiologicznymi. Poszczeg\u00f3lne szkolenia przeznaczone s\u0105 dla mikrobiolog\u00f3w, ale tak\u017ce dla pracownik\u00f3w Dzia\u0142u Produkcji, Kontroli i Zapewnienia Jako\u015bci. Mog\u0105 by\u0107 bardzo pomocne dla Os\u00f3b Wykwalifikowanych (QP), kt\u00f3re z wykszta\u0142cenia nie s\u0105 mikrobiologami. Chcia\u0142yby\u015bmy, aby podczas naszych szkole\u0144 uczestnicy dowiedzieli si\u0119, jak interpretowa\u0107 wyniki mikrobiologiczne, z kt\u00f3rymi spotykaj\u0105 si\u0119 w swojej codziennej pracy i jakie maj\u0105 one konsekwencje dla procesu produkcji. B\u0142\u0119dna interpretacja wynik\u00f3w mikrobiologicznych mo\u017ce niestety prowadzi\u0107 do odrzucenia serii z\u2026<\/p>\n","protected":false},"author":1,"featured_media":0,"parent":0,"menu_order":0,"comment_status":"closed","ping_status":"open","template":"","meta":{"footnotes":""},"class_list":["post-2","page","type-page","status-publish","hentry"],"blocksy_meta":{"styles_descriptor":{"styles":{"desktop":"","tablet":"","mobile":""},"google_fonts":[],"version":5},"page_title_panel":"","has_hero_section":"default","e4edc1f78b60d724e2bb089e7664e593":"","hero_section":"type-1","hero_elements":[{"id":"custom_title","enabled":true,"heading_tag":"h1","title":"Strona g\u0142\u00f3wna"},{"id":"custom_description","enabled":true,"description_visibility":{"desktop":true,"tablet":true,"mobile":false}},{"id":"custom_meta","enabled":false,"meta_elements":[{"id":"author","enabled":true,"label":"Przez","has_author_avatar":"yes","avatar_size":25},{"id":"post_date","enabled":true,"label":"W\u0142\u0105cz","date_format_source":"default","date_format":"M j, Y"},{"id":"updated_date","enabled":false,"label":"W\u0142\u0105cz","date_format_source":"default","date_format":"M j, Y"},{"id":"categories","enabled":false,"label":"W","style":"simple"},{"id":"comments","enabled":true}],"page_meta_elements":{"joined":true,"articles_count":true,"comments":true}},{"id":"breadcrumbs","enabled":false}],"0d85d17d6cb877e9cf8102620edbb4a5":"","hero_alignment1":"CT_CSS_SKIP_RULE","hero_margin":40,"hero_alignment2":"center","hero_vertical_alignment":"center","46f069b9c5182f73024d58a79b829568":"","hero_structure":"narrow","44299f8c9ea15e2fa499d83716ea58fc":"","page_title_bg_type":"featured_image","custom_hero_background":{"attachment_id":null},"page_title_image_size":"full","parallax":{"desktop":false,"tablet":false,"mobile":false},"7b1f956c196ca153ee31a454a6e17fee":"","hero_height":"250px","pageTitleFont":{"family":"Default","variation":"Default","size":"30px","line-height":"CT_CSS_SKIP_RULE","letter-spacing":"CT_CSS_SKIP_RULE","text-transform":"CT_CSS_SKIP_RULE","text-decoration":"CT_CSS_SKIP_RULE"},"pageTitleFontColor":{"default":{"color":"CT_CSS_SKIP_RULEDEFAULT"}},"pageMetaFont":{"family":"Default","variation":"n6","size":"12px","line-height":"1.3","letter-spacing":"CT_CSS_SKIP_RULE","text-transform":"uppercase","text-decoration":"CT_CSS_SKIP_RULE"},"pageMetaFontColor":{"default":{"color":"CT_CSS_SKIP_RULEDEFAULT"},"hover":{"color":"CT_CSS_SKIP_RULEDEFAULT"}},"page_meta_button_type_font_colors":{"default":{"color":"CT_CSS_SKIP_RULEDEFAULT"},"hover":{"color":"CT_CSS_SKIP_RULEDEFAULT"}},"page_meta_button_type_background_colors":{"default":{"color":"CT_CSS_SKIP_RULEDEFAULT"},"hover":{"color":"CT_CSS_SKIP_RULEDEFAULT"}},"pageExcerptFont":{"family":"Default","variation":"Default","size":"CT_CSS_SKIP_RULE","line-height":"CT_CSS_SKIP_RULE","letter-spacing":"CT_CSS_SKIP_RULE","text-transform":"CT_CSS_SKIP_RULE","text-decoration":"CT_CSS_SKIP_RULE"},"pageExcerptColor":{"default":{"color":"CT_CSS_SKIP_RULEDEFAULT"}},"breadcrumbsFont":{"family":"Default","variation":"Default","size":"CT_CSS_SKIP_RULE","line-height":"CT_CSS_SKIP_RULE","letter-spacing":"CT_CSS_SKIP_RULE","text-transform":"CT_CSS_SKIP_RULE","text-decoration":"CT_CSS_SKIP_RULE"},"breadcrumbsFontColor":{"default":{"color":"CT_CSS_SKIP_RULEDEFAULT"},"initial":{"color":"CT_CSS_SKIP_RULEDEFAULT"},"hover":{"color":"CT_CSS_SKIP_RULEDEFAULT"}},"pageTitleOverlay":{"background_type":"color","background_pattern":"type-1","background_image":{"attachment_id":null,"x":0,"y":0},"gradient":"linear-gradient(135deg,rgba(6,147,227,1) 0%,rgb(155,81,224) 100%)","background_repeat":"repeat","background_size":"auto","background_attachment":"scroll","patternColor":{"default":{"color":"#e5e7ea"}},"overlayColor":{"default":{"color":"CT_CSS_SKIP_RULE"}},"backgroundColor":{"default":{"color":"CT_CSS_SKIP_RULE"}}},"pageTitleBackground":{"background_type":"color","background_pattern":"type-1","background_image":{"attachment_id":null,"x":0,"y":0},"gradient":"linear-gradient(135deg,rgba(6,147,227,1) 0%,rgb(155,81,224) 100%)","background_repeat":"repeat","background_size":"auto","background_attachment":"scroll","patternColor":{"default":{"color":"#e5e7ea"}},"overlayColor":{"default":{"color":"CT_CSS_SKIP_RULE"}},"backgroundColor":{"default":{"color":"var(--paletteColor6)"}}},"pageTitlePadding":{"top":"50px","bottom":"50px","left":"auto","right":"auto","linked":true},"9273d4856ad30956d15d182224e99632":"","page_structure_type":"default","067eaed25b13e4ef14832a11a6c5b553":"","content_style_source":"inherit","content_style":"wide","vertical_spacing_source":"inherit","content_area_spacing":"both","background":{"background_type":"color","background_pattern":"type-1","background_image":{"attachment_id":null,"x":0,"y":0},"gradient":"linear-gradient(135deg,rgba(6,147,227,1) 0%,rgb(155,81,224) 100%)","background_repeat":"repeat","background_size":"auto","background_attachment":"scroll","patternColor":{"default":{"color":"#e5e7ea"}},"overlayColor":{"default":{"color":"CT_CSS_SKIP_RULE"}},"backgroundColor":{"default":{"color":"CT_CSS_SKIP_RULE"}}},"content_background":{"background_type":"color","background_pattern":"type-1","background_image":{"attachment_id":null,"x":0,"y":0},"gradient":"linear-gradient(135deg,rgba(6,147,227,1) 0%,rgb(155,81,224) 100%)","background_repeat":"repeat","background_size":"auto","background_attachment":"scroll","patternColor":{"default":{"color":"#e5e7ea"}},"overlayColor":{"default":{"color":"CT_CSS_SKIP_RULE"}},"backgroundColor":{"default":{"color":"var(--paletteColor8)"}}},"content_boxed_shadow":{"inherit":false,"blur":18,"spread":-6,"v_offset":12,"h_offset":0,"inset":false,"enable":true,"color":{"color":"rgba(34, 56, 101, 0.04)"}},"content_boxed_border":{"width":1,"style":"none","color":{"color":"rgba(44,62,80,0.2)"}},"content_boxed_radius":{"top":"3px","bottom":"3px","left":"3px","right":"3px","linked":true},"boxed_content_spacing":{"desktop":{"top":"40px","bottom":"40px","left":"40px","right":"40px","linked":true},"tablet":{"top":"35px","bottom":"35px","left":"35px","right":"35px","linked":true},"mobile":{"top":"20px","bottom":"20px","left":"20px","right":"20px","linked":true}},"2210ee11598ae7cadeb10af3d74a3763":"","disable_featured_image":"no","disable_share_box":"no","disable_header":"no","disable_footer":"no"},"yoast_head":"<!-- This site is optimized with the Yoast SEO plugin v27.3 - https:\/\/yoast.com\/product\/yoast-seo-wordpress\/ -->\n<title>Mikrobiologia Farmaceutyczna Oferta<\/title>\n<meta name=\"description\" content=\"dokumentacja, szkolenia, przemys\u0142 farmaceutyczny, mikrobiologia, kontrola, produkcja, plany pomieszcze\u0144, \u015brodowisko pracy, metody\" \/>\n<meta name=\"robots\" content=\"index, follow, max-snippet:-1, max-image-preview:large, max-video-preview:-1\" \/>\n<link rel=\"canonical\" href=\"http:\/\/sladowska.pl\/index.php\/oferta\/\" \/>\n<meta property=\"og:locale\" content=\"pl_PL\" \/>\n<meta property=\"og:type\" content=\"article\" \/>\n<meta property=\"og:title\" content=\"Mikrobiologia Farmaceutyczna Oferta\" \/>\n<meta property=\"og:description\" content=\"dokumentacja, szkolenia, przemys\u0142 farmaceutyczny, mikrobiologia, kontrola, produkcja, plany pomieszcze\u0144, \u015brodowisko pracy, metody\" \/>\n<meta property=\"og:url\" content=\"http:\/\/sladowska.pl\/index.php\/oferta\/\" \/>\n<meta property=\"og:site_name\" content=\"Mikrobiologia Farmaceutyczna\" \/>\n<meta property=\"article:modified_time\" content=\"2022-07-29T10:01:00+00:00\" \/>\n<meta property=\"og:image\" content=\"http:\/\/sladowska.pl\/wp-content\/uploads\/2022\/06\/smartworks-coworking-Uz8THWPXwhI-unsplash-1024x683.jpg\" \/>\n<meta name=\"twitter:card\" content=\"summary_large_image\" \/>\n<meta name=\"twitter:label1\" content=\"Szacowany czas czytania\" \/>\n\t<meta name=\"twitter:data1\" content=\"2 minuty\" \/>\n<script type=\"application\/ld+json\" class=\"yoast-schema-graph\">{\"@context\":\"https:\\\/\\\/schema.org\",\"@graph\":[{\"@type\":\"WebPage\",\"@id\":\"http:\\\/\\\/sladowska.pl\\\/index.php\\\/oferta\\\/\",\"url\":\"http:\\\/\\\/sladowska.pl\\\/index.php\\\/oferta\\\/\",\"name\":\"Mikrobiologia Farmaceutyczna Oferta\",\"isPartOf\":{\"@id\":\"http:\\\/\\\/sladowska.pl\\\/#website\"},\"primaryImageOfPage\":{\"@id\":\"http:\\\/\\\/sladowska.pl\\\/index.php\\\/oferta\\\/#primaryimage\"},\"image\":{\"@id\":\"http:\\\/\\\/sladowska.pl\\\/index.php\\\/oferta\\\/#primaryimage\"},\"thumbnailUrl\":\"http:\\\/\\\/sladowska.pl\\\/wp-content\\\/uploads\\\/2022\\\/06\\\/smartworks-coworking-Uz8THWPXwhI-unsplash-1024x683.jpg\",\"datePublished\":\"2022-05-30T08:54:30+00:00\",\"dateModified\":\"2022-07-29T10:01:00+00:00\",\"description\":\"dokumentacja, szkolenia, przemys\u0142 farmaceutyczny, mikrobiologia, kontrola, produkcja, plany pomieszcze\u0144, \u015brodowisko pracy, metody\",\"breadcrumb\":{\"@id\":\"http:\\\/\\\/sladowska.pl\\\/index.php\\\/oferta\\\/#breadcrumb\"},\"inLanguage\":\"pl-PL\",\"potentialAction\":[{\"@type\":\"ReadAction\",\"target\":[\"http:\\\/\\\/sladowska.pl\\\/index.php\\\/oferta\\\/\"]}]},{\"@type\":\"ImageObject\",\"inLanguage\":\"pl-PL\",\"@id\":\"http:\\\/\\\/sladowska.pl\\\/index.php\\\/oferta\\\/#primaryimage\",\"url\":\"http:\\\/\\\/sladowska.pl\\\/wp-content\\\/uploads\\\/2022\\\/06\\\/smartworks-coworking-Uz8THWPXwhI-unsplash-1024x683.jpg\",\"contentUrl\":\"http:\\\/\\\/sladowska.pl\\\/wp-content\\\/uploads\\\/2022\\\/06\\\/smartworks-coworking-Uz8THWPXwhI-unsplash-1024x683.jpg\"},{\"@type\":\"BreadcrumbList\",\"@id\":\"http:\\\/\\\/sladowska.pl\\\/index.php\\\/oferta\\\/#breadcrumb\",\"itemListElement\":[{\"@type\":\"ListItem\",\"position\":1,\"name\":\"Strona g\u0142\u00f3wna\",\"item\":\"http:\\\/\\\/sladowska.pl\\\/\"},{\"@type\":\"ListItem\",\"position\":2,\"name\":\"Oferta\"}]},{\"@type\":\"WebSite\",\"@id\":\"http:\\\/\\\/sladowska.pl\\\/#website\",\"url\":\"http:\\\/\\\/sladowska.pl\\\/\",\"name\":\"Mikrobiologia Farmaceutyczna\",\"description\":\"szkolenia, wyk\u0142ady, mikrobiologia farmaceutyczna\",\"publisher\":{\"@id\":\"http:\\\/\\\/sladowska.pl\\\/#organization\"},\"potentialAction\":[{\"@type\":\"SearchAction\",\"target\":{\"@type\":\"EntryPoint\",\"urlTemplate\":\"http:\\\/\\\/sladowska.pl\\\/?s={search_term_string}\"},\"query-input\":{\"@type\":\"PropertyValueSpecification\",\"valueRequired\":true,\"valueName\":\"search_term_string\"}}],\"inLanguage\":\"pl-PL\"},{\"@type\":\"Organization\",\"@id\":\"http:\\\/\\\/sladowska.pl\\\/#organization\",\"name\":\"Akademia Mikrobiologii Farmaceutycznej\",\"url\":\"http:\\\/\\\/sladowska.pl\\\/\",\"logo\":{\"@type\":\"ImageObject\",\"inLanguage\":\"pl-PL\",\"@id\":\"http:\\\/\\\/sladowska.pl\\\/#\\\/schema\\\/logo\\\/image\\\/\",\"url\":\"http:\\\/\\\/sladowska.pl\\\/wp-content\\\/uploads\\\/2022\\\/05\\\/cropped-logo.png\",\"contentUrl\":\"http:\\\/\\\/sladowska.pl\\\/wp-content\\\/uploads\\\/2022\\\/05\\\/cropped-logo.png\",\"width\":512,\"height\":512,\"caption\":\"Akademia Mikrobiologii Farmaceutycznej\"},\"image\":{\"@id\":\"http:\\\/\\\/sladowska.pl\\\/#\\\/schema\\\/logo\\\/image\\\/\"}}]}<\/script>\n<!-- \/ Yoast SEO plugin. -->","yoast_head_json":{"title":"Mikrobiologia Farmaceutyczna Oferta","description":"dokumentacja, szkolenia, przemys\u0142 farmaceutyczny, mikrobiologia, kontrola, produkcja, plany pomieszcze\u0144, \u015brodowisko pracy, metody","robots":{"index":"index","follow":"follow","max-snippet":"max-snippet:-1","max-image-preview":"max-image-preview:large","max-video-preview":"max-video-preview:-1"},"canonical":"http:\/\/sladowska.pl\/index.php\/oferta\/","og_locale":"pl_PL","og_type":"article","og_title":"Mikrobiologia Farmaceutyczna Oferta","og_description":"dokumentacja, szkolenia, przemys\u0142 farmaceutyczny, mikrobiologia, kontrola, produkcja, plany pomieszcze\u0144, \u015brodowisko pracy, metody","og_url":"http:\/\/sladowska.pl\/index.php\/oferta\/","og_site_name":"Mikrobiologia Farmaceutyczna","article_modified_time":"2022-07-29T10:01:00+00:00","og_image":[{"url":"http:\/\/sladowska.pl\/wp-content\/uploads\/2022\/06\/smartworks-coworking-Uz8THWPXwhI-unsplash-1024x683.jpg","type":"","width":"","height":""}],"twitter_card":"summary_large_image","twitter_misc":{"Szacowany czas czytania":"2 minuty"},"schema":{"@context":"https:\/\/schema.org","@graph":[{"@type":"WebPage","@id":"http:\/\/sladowska.pl\/index.php\/oferta\/","url":"http:\/\/sladowska.pl\/index.php\/oferta\/","name":"Mikrobiologia Farmaceutyczna Oferta","isPartOf":{"@id":"http:\/\/sladowska.pl\/#website"},"primaryImageOfPage":{"@id":"http:\/\/sladowska.pl\/index.php\/oferta\/#primaryimage"},"image":{"@id":"http:\/\/sladowska.pl\/index.php\/oferta\/#primaryimage"},"thumbnailUrl":"http:\/\/sladowska.pl\/wp-content\/uploads\/2022\/06\/smartworks-coworking-Uz8THWPXwhI-unsplash-1024x683.jpg","datePublished":"2022-05-30T08:54:30+00:00","dateModified":"2022-07-29T10:01:00+00:00","description":"dokumentacja, szkolenia, przemys\u0142 farmaceutyczny, mikrobiologia, kontrola, produkcja, plany pomieszcze\u0144, \u015brodowisko pracy, metody","breadcrumb":{"@id":"http:\/\/sladowska.pl\/index.php\/oferta\/#breadcrumb"},"inLanguage":"pl-PL","potentialAction":[{"@type":"ReadAction","target":["http:\/\/sladowska.pl\/index.php\/oferta\/"]}]},{"@type":"ImageObject","inLanguage":"pl-PL","@id":"http:\/\/sladowska.pl\/index.php\/oferta\/#primaryimage","url":"http:\/\/sladowska.pl\/wp-content\/uploads\/2022\/06\/smartworks-coworking-Uz8THWPXwhI-unsplash-1024x683.jpg","contentUrl":"http:\/\/sladowska.pl\/wp-content\/uploads\/2022\/06\/smartworks-coworking-Uz8THWPXwhI-unsplash-1024x683.jpg"},{"@type":"BreadcrumbList","@id":"http:\/\/sladowska.pl\/index.php\/oferta\/#breadcrumb","itemListElement":[{"@type":"ListItem","position":1,"name":"Strona g\u0142\u00f3wna","item":"http:\/\/sladowska.pl\/"},{"@type":"ListItem","position":2,"name":"Oferta"}]},{"@type":"WebSite","@id":"http:\/\/sladowska.pl\/#website","url":"http:\/\/sladowska.pl\/","name":"Mikrobiologia Farmaceutyczna","description":"szkolenia, wyk\u0142ady, mikrobiologia farmaceutyczna","publisher":{"@id":"http:\/\/sladowska.pl\/#organization"},"potentialAction":[{"@type":"SearchAction","target":{"@type":"EntryPoint","urlTemplate":"http:\/\/sladowska.pl\/?s={search_term_string}"},"query-input":{"@type":"PropertyValueSpecification","valueRequired":true,"valueName":"search_term_string"}}],"inLanguage":"pl-PL"},{"@type":"Organization","@id":"http:\/\/sladowska.pl\/#organization","name":"Akademia Mikrobiologii Farmaceutycznej","url":"http:\/\/sladowska.pl\/","logo":{"@type":"ImageObject","inLanguage":"pl-PL","@id":"http:\/\/sladowska.pl\/#\/schema\/logo\/image\/","url":"http:\/\/sladowska.pl\/wp-content\/uploads\/2022\/05\/cropped-logo.png","contentUrl":"http:\/\/sladowska.pl\/wp-content\/uploads\/2022\/05\/cropped-logo.png","width":512,"height":512,"caption":"Akademia Mikrobiologii Farmaceutycznej"},"image":{"@id":"http:\/\/sladowska.pl\/#\/schema\/logo\/image\/"}}]}},"_links":{"self":[{"href":"http:\/\/sladowska.pl\/index.php\/wp-json\/wp\/v2\/pages\/2","targetHints":{"allow":["GET"]}}],"collection":[{"href":"http:\/\/sladowska.pl\/index.php\/wp-json\/wp\/v2\/pages"}],"about":[{"href":"http:\/\/sladowska.pl\/index.php\/wp-json\/wp\/v2\/types\/page"}],"author":[{"embeddable":true,"href":"http:\/\/sladowska.pl\/index.php\/wp-json\/wp\/v2\/users\/1"}],"replies":[{"embeddable":true,"href":"http:\/\/sladowska.pl\/index.php\/wp-json\/wp\/v2\/comments?post=2"}],"version-history":[{"count":13,"href":"http:\/\/sladowska.pl\/index.php\/wp-json\/wp\/v2\/pages\/2\/revisions"}],"predecessor-version":[{"id":487,"href":"http:\/\/sladowska.pl\/index.php\/wp-json\/wp\/v2\/pages\/2\/revisions\/487"}],"wp:attachment":[{"href":"http:\/\/sladowska.pl\/index.php\/wp-json\/wp\/v2\/media?parent=2"}],"curies":[{"name":"wp","href":"https:\/\/api.w.org\/{rel}","templated":true}]}}